{"id":39,"date":"2024-01-05T15:27:57","date_gmt":"2024-01-05T15:27:57","guid":{"rendered":"https:\/\/pmtirc.motowotom.pl\/?page_id=39"},"modified":"2025-01-26T20:45:17","modified_gmt":"2025-01-26T20:45:17","slug":"home","status":"publish","type":"page","link":"https:\/\/pmtirc.motowotom.pl\/","title":{"rendered":"Strona g\u0142\u00f3wna"},"content":{"rendered":"\t\t<div data-elementor-type=\"wp-page\" data-elementor-id=\"39\" class=\"elementor elementor-39\">\n\t\t\t\t<div class=\"elementor-element elementor-element-2b03c396 e-flex e-con-boxed e-con e-parent\" data-id=\"2b03c396\" data-element_type=\"container\" id=\"next\">\n\t\t\t\t\t<div class=\"e-con-inner\">\n\t\t\t\t<div class=\"elementor-element elementor-element-df45303 elementor-widget__width-inherit e-transform elementor-widget elementor-widget-shortcode\" data-id=\"df45303\" data-element_type=\"widget\" data-settings=\"{&quot;_transform_translateX_effect&quot;:{&quot;unit&quot;:&quot;px&quot;,&quot;size&quot;:5,&quot;sizes&quot;:[]},&quot;_transform_translateY_effect&quot;:{&quot;unit&quot;:&quot;px&quot;,&quot;size&quot;:-220,&quot;sizes&quot;:[]},&quot;_transform_translateX_effect_tablet&quot;:{&quot;unit&quot;:&quot;px&quot;,&quot;size&quot;:&quot;&quot;,&quot;sizes&quot;:[]},&quot;_transform_translateX_effect_mobile&quot;:{&quot;unit&quot;:&quot;px&quot;,&quot;size&quot;:&quot;&quot;,&quot;sizes&quot;:[]},&quot;_transform_translateY_effect_tablet&quot;:{&quot;unit&quot;:&quot;px&quot;,&quot;size&quot;:&quot;&quot;,&quot;sizes&quot;:[]},&quot;_transform_translateY_effect_mobile&quot;:{&quot;unit&quot;:&quot;px&quot;,&quot;size&quot;:&quot;&quot;,&quot;sizes&quot;:[]}}\" data-widget_type=\"shortcode.default\">\n\t\t\t\t<div class=\"elementor-widget-container\">\n\t\t\t\t\t<div class=\"elementor-shortcode\">  <\/div>\n\t\t\t\t<\/div>\n\t\t\t\t<\/div>\n\t\t\t\t<div class=\"elementor-element elementor-element-f3e36c7 elementor-widget elementor-widget-text-editor\" data-id=\"f3e36c7\" data-element_type=\"widget\" data-widget_type=\"text-editor.default\">\n\t\t\t\t<div class=\"elementor-widget-container\">\n\t\t\t\t\t\t\t<h3>Oferujemy najwy\u017cszej jako\u015bci akcesoria motocyklowe, w tym opony PMT i koce IRC, kt\u00f3re s\u0105 wybierane przez pasjonat\u00f3w motocykli na ca\u0142ym \u015bwiecie. <\/h3>\t\t\t\t\t\t<\/div>\n\t\t\t\t<\/div>\n\t\t\t\t<div class=\"elementor-element elementor-element-7dddfa7 elementor-widget elementor-widget-text-editor\" data-id=\"7dddfa7\" data-element_type=\"widget\" data-widget_type=\"text-editor.default\">\n\t\t\t\t<div class=\"elementor-widget-container\">\n\t\t\t\t\t\t\t<p>Wybieraj\u0105c PMT i IRC, stawiamy na jako\u015b\u0107, bezpiecze\u0144stwo i komfort naszych klient\u00f3w. Opony PMT i kocyki IRC to sprawdzone rozwi\u0105zania, kt\u00f3re spe\u0142niaj\u0105 oczekiwania zar\u00f3wno profesjonalist\u00f3w, jak i amator\u00f3w. Nasza oferta to wynik starannego wyboru najlepszych producent\u00f3w, kt\u00f3rzy dostarczaj\u0105 produkty spe\u0142niaj\u0105ce najwy\u017csze standardy. Dzi\u0119ki tym markom mo\u017cesz by\u0107 pewien, \u017ce inwestujesz w sprz\u0119t, kt\u00f3ry zapewni Ci bezpiecze\u0144stwo, wygod\u0119 oraz doskona\u0142e osi\u0105gi na torze.<br \/><br \/>Zapomnij o p\u00f3\u0142\u015brodkach. Mo\u017cesz kupi\u0107 ta\u0144sze opony czy koce ale wraz ze swoim rozwojem i tak b\u0119dziesz musia\u0142 zainwestowa\u0107 w najlepsze marki. Jeste\u015bmy czynnymi zawodnikami motocyklowymi, przechodzili\u015bmy t\u0119 drog\u0119 i wiem, \u017ce inwestowanie p\u00f3\u0142\u015brodki to starta czasu i pieni\u0119dzy.<\/p>\t\t\t\t\t\t<\/div>\n\t\t\t\t<\/div>\n\t\t\t\t<div class=\"elementor-element elementor-element-a8c9642 elementor-widget elementor-widget-spacer\" data-id=\"a8c9642\" data-element_type=\"widget\" data-widget_type=\"spacer.default\">\n\t\t\t\t<div class=\"elementor-widget-container\">\n\t\t\t\t\t<div class=\"elementor-spacer\">\n\t\t\t<div class=\"elementor-spacer-inner\"><\/div>\n\t\t<\/div>\n\t\t\t\t<\/div>\n\t\t\t\t<\/div>\n\t\t\t\t<div class=\"elementor-element elementor-element-8030f2c elementor-widget elementor-widget-heading\" data-id=\"8030f2c\" data-element_type=\"widget\" data-widget_type=\"heading.default\">\n\t\t\t\t<div class=\"elementor-widget-container\">\n\t\t\t<h2 class=\"elementor-heading-title elementor-size-default\">IRC - Koce motocyklowe, kt\u00f3re zapewniaj\u0105 odpowiedni\u0105 temperatur\u0119 dla opon w ka\u017cdej sytuacji<\/h2>\t\t<\/div>\n\t\t\t\t<\/div>\n\t\t<div class=\"elementor-element elementor-element-af90655 e-grid e-con-full e-con e-child\" data-id=\"af90655\" data-element_type=\"container\">\n\t\t\t\t<div class=\"elementor-element elementor-element-1d16767 elementor-widget elementor-widget-text-editor\" data-id=\"1d16767\" data-element_type=\"widget\" data-widget_type=\"text-editor.default\">\n\t\t\t\t<div class=\"elementor-widget-container\">\n\t\t\t\t\t\t\t<p>IRC to marka, kt\u00f3ra zdoby\u0142a uznanie w bran\u017cy motocyklowej dzi\u0119ki produkcji wysokiej jako\u015bci koc\u00f3w kt\u00f3re wykorzystuj\u0105 najszybsi zawodnicy na naszej planecie. <br \/><br \/>Szeroka gama produkt\u00f3w w ofercie pozwala na dob\u00f3r odpowiedniego koca zar\u00f3wno dla amatora jak i profesjonalnego zawodnika.<br \/><br \/>Inwestycja w koce pozwala na du\u017ce oszcz\u0119dno\u015bci, opony lepiej trzymaj\u0105 oraz wolniej si\u0119 zu\u017cywaj\u0105 a tak\u017ce nie marnujemy cennego czasu na okr\u0105\u017cenia rozgrzewkowe. <\/p>\t\t\t\t\t\t<\/div>\n\t\t\t\t<\/div>\n\t\t\t\t<div class=\"elementor-element elementor-element-0069858 elementor-widget elementor-widget-image\" data-id=\"0069858\" data-element_type=\"widget\" data-widget_type=\"image.default\">\n\t\t\t\t<div class=\"elementor-widget-container\">\n\t\t\t\t\t\t\t\t\t\t\t\t\t<img fetchpriority=\"high\" decoding=\"async\" width=\"656\" height=\"354\" src=\"https:\/\/pmtirc.motowotom.pl\/wp-content\/uploads\/2024\/11\/Screenshot_4-1.png\" class=\"attachment-large size-large wp-image-374\" alt=\"\" srcset=\"https:\/\/pmtirc.motowotom.pl\/wp-content\/uploads\/2024\/11\/Screenshot_4-1.png 656w, https:\/\/pmtirc.motowotom.pl\/wp-content\/uploads\/2024\/11\/Screenshot_4-1-300x162.png 300w, https:\/\/pmtirc.motowotom.pl\/wp-content\/uploads\/2024\/11\/Screenshot_4-1-200x108.png 200w\" sizes=\"(max-width: 656px) 100vw, 656px\" \/>\t\t\t\t\t\t\t\t\t\t\t\t\t<\/div>\n\t\t\t\t<\/div>\n\t\t\t\t<\/div>\n\t\t\t\t<div class=\"elementor-element elementor-element-3c843c1 elementor-widget elementor-widget-spacer\" data-id=\"3c843c1\" data-element_type=\"widget\" data-widget_type=\"spacer.default\">\n\t\t\t\t<div class=\"elementor-widget-container\">\n\t\t\t\t\t<div class=\"elementor-spacer\">\n\t\t\t<div class=\"elementor-spacer-inner\"><\/div>\n\t\t<\/div>\n\t\t\t\t<\/div>\n\t\t\t\t<\/div>\n\t\t\t\t<div class=\"elementor-element elementor-element-71bba6a elementor-widget elementor-widget-heading\" data-id=\"71bba6a\" data-element_type=\"widget\" data-widget_type=\"heading.default\">\n\t\t\t\t<div class=\"elementor-widget-container\">\n\t\t\t<h2 class=\"elementor-heading-title elementor-size-default\">PMT - Opony motocyklowe najwy\u017cszej jako\u015bci<\/h2>\t\t<\/div>\n\t\t\t\t<\/div>\n\t\t<div class=\"elementor-element elementor-element-16be0e2 e-grid e-con-full e-con e-child\" data-id=\"16be0e2\" data-element_type=\"container\">\n\t\t\t\t<div class=\"elementor-element elementor-element-11e83a4 elementor-widget__width-initial elementor-widget elementor-widget-text-editor\" data-id=\"11e83a4\" data-element_type=\"widget\" data-widget_type=\"text-editor.default\">\n\t\t\t\t<div class=\"elementor-widget-container\">\n\t\t\t\t\t\t\t<p>PMT to marka, kt\u00f3ra od lat jest synonimem wydajno\u015bci i niezawodno\u015bci w bran\u017cy oponiarskiej. Firma specjalizuje si\u0119 w produkcji opon motocyklowych, kt\u00f3re charakteryzuj\u0105 si\u0119 doskona\u0142\u0105 przyczepno\u015bci\u0105, trwa\u0142o\u015bci\u0105 i precyzyjnym wykonaniem. Opony PMT s\u0105 projektowane z my\u015bl\u0105 o wymagaj\u0105cych u\u017cytkownikach \u2013 zar\u00f3wno amatorach, jak i profesjonalistach, kt\u00f3rzy potrzebuj\u0105 opon o wysokiej wydajno\u015bci.<\/p><p>Nasza oferta obejmuje pe\u0142n\u0105 gam\u0119 opon PMT, kt\u00f3re s\u0105 idealnym wyborem do motocykli, skuter\u00f3w elektrycznych i innych pojazd\u00f3w. Produkty PMT s\u0105 testowane na torze wy\u015bciogowym, aby zapewni\u0107 maksymaln\u0105 przyczepno\u015b\u0107 i bezpiecze\u0144stwo.\u00a0 Je\u015bli chcesz osi\u0105ga\u0107 mistrzowskie wyniki w ma\u0142ych pojemno\u015bciach to nie masz wyj\u015bcia i musisz wypr\u00f3bowa\u0107 PMT. Z naszego do\u015bwiadczenia wynika, \u017ce po za\u0142o\u017ceniu tych opon natychmiast poprawiasz sw\u00f3j czas na torze. Ta firma w sojej kategorii nie ma konkurencji.<\/p>\t\t\t\t\t\t<\/div>\n\t\t\t\t<\/div>\n\t\t\t\t<div class=\"elementor-element elementor-element-545cd6b elementor-widget elementor-widget-image\" data-id=\"545cd6b\" data-element_type=\"widget\" data-widget_type=\"image.default\">\n\t\t\t\t<div class=\"elementor-widget-container\">\n\t\t\t\t\t\t\t\t\t\t\t\t\t<img decoding=\"async\" width=\"612\" height=\"325\" src=\"https:\/\/pmtirc.motowotom.pl\/wp-content\/uploads\/2024\/11\/Screenshot_9-1.png\" class=\"attachment-large size-large wp-image-417\" alt=\"\" srcset=\"https:\/\/pmtirc.motowotom.pl\/wp-content\/uploads\/2024\/11\/Screenshot_9-1.png 612w, https:\/\/pmtirc.motowotom.pl\/wp-content\/uploads\/2024\/11\/Screenshot_9-1-300x159.png 300w, https:\/\/pmtirc.motowotom.pl\/wp-content\/uploads\/2024\/11\/Screenshot_9-1-200x106.png 200w\" sizes=\"(max-width: 612px) 100vw, 612px\" \/>\t\t\t\t\t\t\t\t\t\t\t\t\t<\/div>\n\t\t\t\t<\/div>\n\t\t\t\t<\/div>\n\t\t\t\t<div class=\"elementor-element elementor-element-0abd47f elementor-widget elementor-widget-spacer\" data-id=\"0abd47f\" data-element_type=\"widget\" data-widget_type=\"spacer.default\">\n\t\t\t\t<div class=\"elementor-widget-container\">\n\t\t\t\t\t<div class=\"elementor-spacer\">\n\t\t\t<div class=\"elementor-spacer-inner\"><\/div>\n\t\t<\/div>\n\t\t\t\t<\/div>\n\t\t\t\t<\/div>\n\t\t\t\t<div class=\"elementor-element elementor-element-32bd412c elementor-widget elementor-widget-heading\" data-id=\"32bd412c\" data-element_type=\"widget\" data-widget_type=\"heading.default\">\n\t\t\t\t<div class=\"elementor-widget-container\">\n\t\t\t<h2 class=\"elementor-heading-title elementor-size-default\">Dlaczego PMT?<\/h2>\t\t<\/div>\n\t\t\t\t<\/div>\n\t\t<div class=\"elementor-element elementor-element-2230900 e-con-full e-flex e-con e-child\" data-id=\"2230900\" data-element_type=\"container\">\n\t\t<div class=\"elementor-element elementor-element-3422c57e e-con-full e-flex e-con e-child\" data-id=\"3422c57e\" data-element_type=\"container\" data-settings=\"{&quot;background_background&quot;:&quot;classic&quot;}\">\n\t\t\t\t<div class=\"elementor-element elementor-element-161e2824 elementor-widget elementor-widget-heading\" data-id=\"161e2824\" data-element_type=\"widget\" data-widget_type=\"heading.default\">\n\t\t\t\t<div class=\"elementor-widget-container\">\n\t\t\t<h4 class=\"elementor-heading-title elementor-size-default\">Doskona\u0142a przyczepno\u015b\u0107<\/h4>\t\t<\/div>\n\t\t\t\t<\/div>\n\t\t\t\t<div class=\"elementor-element elementor-element-470c3885 elementor-widget-divider--view-line elementor-widget elementor-widget-divider\" data-id=\"470c3885\" data-element_type=\"widget\" data-widget_type=\"divider.default\">\n\t\t\t\t<div class=\"elementor-widget-container\">\n\t\t\t\t\t<div class=\"elementor-divider\">\n\t\t\t<span class=\"elementor-divider-separator\">\n\t\t\t\t\t\t<\/span>\n\t\t<\/div>\n\t\t\t\t<\/div>\n\t\t\t\t<\/div>\n\t\t\t\t<div class=\"elementor-element elementor-element-2412c2d4 elementor-widget elementor-widget-text-editor\" data-id=\"2412c2d4\" data-element_type=\"widget\" data-widget_type=\"text-editor.default\">\n\t\t\t\t<div class=\"elementor-widget-container\">\n\t\t\t\t\t\t\t<p>Nie istniej\u0105 opony kt\u00f3re lepiej trzymaj\u0105 w kategorii ma\u0142ych pojemno\u015bci. Jeste\u015bmy tego pewni a testowali\u015bmy wszystkie marki<\/p>\t\t\t\t\t\t<\/div>\n\t\t\t\t<\/div>\n\t\t\t\t<\/div>\n\t\t<div class=\"elementor-element elementor-element-3c11ef1e e-con-full e-flex e-con e-child\" data-id=\"3c11ef1e\" data-element_type=\"container\" data-settings=\"{&quot;background_background&quot;:&quot;classic&quot;}\">\n\t\t\t\t<div class=\"elementor-element elementor-element-4b81fa04 elementor-widget elementor-widget-heading\" data-id=\"4b81fa04\" data-element_type=\"widget\" data-widget_type=\"heading.default\">\n\t\t\t\t<div class=\"elementor-widget-container\">\n\t\t\t<h4 class=\"elementor-heading-title elementor-size-default\">Trwa\u0142o\u015b\u0107 i odporno\u015b\u0107 na zu\u017cycie<\/h4>\t\t<\/div>\n\t\t\t\t<\/div>\n\t\t\t\t<div class=\"elementor-element elementor-element-78cbc431 elementor-widget-divider--view-line elementor-widget elementor-widget-divider\" data-id=\"78cbc431\" data-element_type=\"widget\" data-widget_type=\"divider.default\">\n\t\t\t\t<div class=\"elementor-widget-container\">\n\t\t\t\t\t<div class=\"elementor-divider\">\n\t\t\t<span class=\"elementor-divider-separator\">\n\t\t\t\t\t\t<\/span>\n\t\t<\/div>\n\t\t\t\t<\/div>\n\t\t\t\t<\/div>\n\t\t\t\t<div class=\"elementor-element elementor-element-232fd491 elementor-widget elementor-widget-text-editor\" data-id=\"232fd491\" data-element_type=\"widget\" data-widget_type=\"text-editor.default\">\n\t\t\t\t<div class=\"elementor-widget-container\">\n\t\t\t\t\t\t\t<p>Wysokiej jako\u015bci materia\u0142y i technologie produkcji sprawiaj\u0105, \u017ce opony PMT cechuj\u0105 si\u0119 d\u0142ugowieczno\u015bci\u0105, odporno\u015bci\u0105 na zu\u017cycie i dzia\u0142anie trudnych warunk\u00f3w.<\/p>\t\t\t\t\t\t<\/div>\n\t\t\t\t<\/div>\n\t\t\t\t<\/div>\n\t\t<div class=\"elementor-element elementor-element-896f1cc e-con-full e-flex e-con e-child\" data-id=\"896f1cc\" data-element_type=\"container\" data-settings=\"{&quot;background_background&quot;:&quot;classic&quot;}\">\n\t\t\t\t<div class=\"elementor-element elementor-element-74b1013b elementor-widget elementor-widget-heading\" data-id=\"74b1013b\" data-element_type=\"widget\" data-widget_type=\"heading.default\">\n\t\t\t\t<div class=\"elementor-widget-container\">\n\t\t\t<h4 class=\"elementor-heading-title elementor-size-default\">Technologie, kt\u00f3re zapewniaj\u0105 przewag\u0119<\/h4>\t\t<\/div>\n\t\t\t\t<\/div>\n\t\t\t\t<div class=\"elementor-element elementor-element-270665e5 elementor-widget-divider--view-line elementor-widget elementor-widget-divider\" data-id=\"270665e5\" data-element_type=\"widget\" data-widget_type=\"divider.default\">\n\t\t\t\t<div class=\"elementor-widget-container\">\n\t\t\t\t\t<div class=\"elementor-divider\">\n\t\t\t<span class=\"elementor-divider-separator\">\n\t\t\t\t\t\t<\/span>\n\t\t<\/div>\n\t\t\t\t<\/div>\n\t\t\t\t<\/div>\n\t\t\t\t<div class=\"elementor-element elementor-element-75779c0f elementor-widget elementor-widget-text-editor\" data-id=\"75779c0f\" data-element_type=\"widget\" data-widget_type=\"text-editor.default\">\n\t\t\t\t<div class=\"elementor-widget-container\">\n\t\t\t\t\t\t\t<p>PMT stosuje nowoczesne rozwi\u0105zania technologiczne, kt\u00f3re pozwalaj\u0105 obni\u017cy\u0107 wag\u0119 opony, przez co s\u0105 obecnie najl\u017cejszymi oponami na rynku co w spos\u00f3b wymierny wp\u0142ywa na osi\u0105gi<\/p>\t\t\t\t\t\t<\/div>\n\t\t\t\t<\/div>\n\t\t\t\t<\/div>\n\t\t<div class=\"elementor-element elementor-element-28ff6772 e-con-full e-flex e-con e-child\" data-id=\"28ff6772\" data-element_type=\"container\" data-settings=\"{&quot;background_background&quot;:&quot;classic&quot;}\">\n\t\t\t\t<div class=\"elementor-element elementor-element-1321d88d elementor-widget elementor-widget-heading\" data-id=\"1321d88d\" data-element_type=\"widget\" data-widget_type=\"heading.default\">\n\t\t\t\t<div class=\"elementor-widget-container\">\n\t\t\t<h4 class=\"elementor-heading-title elementor-size-default\">Szeroka oferta dostosowana do r\u00f3\u017cnych rodzaj\u00f3w motocykli<\/h4>\t\t<\/div>\n\t\t\t\t<\/div>\n\t\t\t\t<div class=\"elementor-element elementor-element-29ec59de elementor-widget-divider--view-line elementor-widget elementor-widget-divider\" data-id=\"29ec59de\" data-element_type=\"widget\" data-widget_type=\"divider.default\">\n\t\t\t\t<div class=\"elementor-widget-container\">\n\t\t\t\t\t<div class=\"elementor-divider\">\n\t\t\t<span class=\"elementor-divider-separator\">\n\t\t\t\t\t\t<\/span>\n\t\t<\/div>\n\t\t\t\t<\/div>\n\t\t\t\t<\/div>\n\t\t\t\t<div class=\"elementor-element elementor-element-59b43337 elementor-widget elementor-widget-text-editor\" data-id=\"59b43337\" data-element_type=\"widget\" data-widget_type=\"text-editor.default\">\n\t\t\t\t<div class=\"elementor-widget-container\">\n\t\t\t\t\t\t\t<p>Opony PMT dost\u0119pne s\u0105 w szerokiej gamie, co pozwala na dob\u00f3r idealnego modelu do r\u00f3\u017cnych typ\u00f3w motocykli, od skuter\u00f3w po motocykle pitpibe, moto2 i hulajnogi .<\/p>\t\t\t\t\t\t<\/div>\n\t\t\t\t<\/div>\n\t\t\t\t<\/div>\n\t\t\t\t<\/div>\n\t\t\t\t\t<\/div>\n\t\t\t\t<\/div>\n\t\t<div class=\"elementor-element elementor-element-4c3cac6b e-flex e-con-boxed e-con e-parent\" data-id=\"4c3cac6b\" data-element_type=\"container\">\n\t\t\t\t\t<div class=\"e-con-inner\">\n\t\t<div class=\"elementor-element elementor-element-34530233 e-con-full e-flex e-con e-child\" data-id=\"34530233\" data-element_type=\"container\" data-settings=\"{&quot;background_background&quot;:&quot;classic&quot;}\">\n\t\t\t\t<\/div>\n\t\t<div class=\"elementor-element elementor-element-38737bf9 e-con-full e-flex e-con e-child\" data-id=\"38737bf9\" data-element_type=\"container\">\n\t\t\t\t<div class=\"elementor-element elementor-element-4fa4a666 elementor-widget elementor-widget-heading\" data-id=\"4fa4a666\" data-element_type=\"widget\" data-widget_type=\"heading.default\">\n\t\t\t\t<div class=\"elementor-widget-container\">\n\t\t\t<h2 class=\"elementor-heading-title elementor-size-default\">Automatyczny kalkulator ci\u015bnienia<\/h2>\t\t<\/div>\n\t\t\t\t<\/div>\n\t\t\t\t<div class=\"elementor-element elementor-element-9455a0a elementor-align-center elementor-widget elementor-widget-button\" data-id=\"9455a0a\" data-element_type=\"widget\" data-widget_type=\"button.default\">\n\t\t\t\t<div class=\"elementor-widget-container\">\n\t\t\t\t\t<div class=\"elementor-button-wrapper\">\n\t\t\t<a class=\"elementor-button elementor-button-link elementor-size-sm\" href=\"https:\/\/pmtirc.motowotom.pl\/?page_id=270\">\n\t\t\t\t\t\t<span class=\"elementor-button-content-wrapper\">\n\t\t\t\t\t\t\t\t\t<span class=\"elementor-button-text\">Dob\u00f3r ci\u015bnienia<\/span>\n\t\t\t\t\t<\/span>\n\t\t\t\t\t<\/a>\n\t\t<\/div>\n\t\t\t\t<\/div>\n\t\t\t\t<\/div>\n\t\t\t\t<div class=\"elementor-element elementor-element-3e691c69 elementor-widget elementor-widget-text-editor\" data-id=\"3e691c69\" data-element_type=\"widget\" data-widget_type=\"text-editor.default\">\n\t\t\t\t<div class=\"elementor-widget-container\">\n\t\t\t\t\t\t\t<div class=\"flex max-w-full flex-col flex-grow\"><div class=\"min-h-8 text-message flex w-full flex-col items-end gap-2 whitespace-normal break-words [.text-message+&amp;]:mt-5\" dir=\"auto\" data-message-author-role=\"assistant\" data-message-id=\"0a28004d-4804-4314-8206-2bc5f2e98bba\" data-message-model-slug=\"gpt-4o-mini\"><div class=\"flex w-full flex-col gap-1 empty:hidden first:pt-[3px]\"><div class=\"markdown prose w-full break-words dark:prose-invert light\"><p>Skorzystaj z aplikacji internetowej, kt\u00f3ra umo\u017cliwia automatyczne obliczanie optymalnych ci\u015bnie\u0144 opon w\u00a0 Zaawansowany algorytm uwzgl\u0119dnia szereg istotnych parametr\u00f3w, takich jak waga motocyklisty, rodzaj opony, warunki atmosferyczne oraz styl jazdy, aby dok\u0142adnie okre\u015bli\u0107 idealne ci\u015bnienie dla Twojego motocykla. Dzi\u0119ki temu mo\u017cesz mie\u0107 pewno\u015b\u0107, \u017ce Twoje opony b\u0119d\u0105 odpowiednio napompowane, co zapewni lepsz\u0105 przyczepno\u015b\u0107 i wydajno\u015b\u0107 w ka\u017cdej sytuacji.<\/p><\/div><\/div><\/div><\/div>\t\t\t\t\t\t<\/div>\n\t\t\t\t<\/div>\n\t\t\t\t<\/div>\n\t\t\t\t\t<\/div>\n\t\t\t\t<\/div>\n\t\t\t\t<\/div>\n\t\t","protected":false},"excerpt":{"rendered":"<p>Oferujemy najwy\u017cszej jako\u015bci akcesoria motocyklowe, w tym opony PMT i koce IRC, kt\u00f3re s\u0105 wybierane przez pasjonat\u00f3w motocykli na ca\u0142ym \u015bwiecie. Wybieraj\u0105c PMT i IRC, stawiamy na jako\u015b\u0107, bezpiecze\u0144stwo i komfort naszych klient\u00f3w. Opony PMT i kocyki IRC to sprawdzone rozwi\u0105zania, kt\u00f3re spe\u0142niaj\u0105 oczekiwania zar\u00f3wno profesjonalist\u00f3w, jak i amator\u00f3w. Nasza oferta to wynik starannego wyboru [&hellip;]<\/p>\n","protected":false},"author":1,"featured_media":44,"parent":0,"menu_order":0,"comment_status":"closed","ping_status":"closed","template":"","meta":{"footnotes":""},"class_list":["post-39","page","type-page","status-publish","has-post-thumbnail","hentry"],"_links":{"self":[{"href":"https:\/\/pmtirc.motowotom.pl\/index.php?rest_route=\/wp\/v2\/pages\/39"}],"collection":[{"href":"https:\/\/pmtirc.motowotom.pl\/index.php?rest_route=\/wp\/v2\/pages"}],"about":[{"href":"https:\/\/pmtirc.motowotom.pl\/index.php?rest_route=\/wp\/v2\/types\/page"}],"author":[{"embeddable":true,"href":"https:\/\/pmtirc.motowotom.pl\/index.php?rest_route=\/wp\/v2\/users\/1"}],"replies":[{"embeddable":true,"href":"https:\/\/pmtirc.motowotom.pl\/index.php?rest_route=%2Fwp%2Fv2%2Fcomments&post=39"}],"version-history":[{"count":119,"href":"https:\/\/pmtirc.motowotom.pl\/index.php?rest_route=\/wp\/v2\/pages\/39\/revisions"}],"predecessor-version":[{"id":513,"href":"https:\/\/pmtirc.motowotom.pl\/index.php?rest_route=\/wp\/v2\/pages\/39\/revisions\/513"}],"wp:featuredmedia":[{"embeddable":true,"href":"https:\/\/pmtirc.motowotom.pl\/index.php?rest_route=\/wp\/v2\/media\/44"}],"wp:attachment":[{"href":"https:\/\/pmtirc.motowotom.pl\/index.php?rest_route=%2Fwp%2Fv2%2Fmedia&parent=39"}],"curies":[{"name":"wp","href":"https:\/\/api.w.org\/{rel}","templated":true}]}}